{"id":3041,"date":"2015-03-02T07:45:10","date_gmt":"2015-03-02T07:45:10","guid":{"rendered":"https:\/\/oyku.com.tr\/home\/"},"modified":"2018-06-19T15:46:22","modified_gmt":"2018-06-19T12:46:22","slug":"home","status":"publish","type":"page","link":"https:\/\/oyku.com.tr\/en\/","title":{"rendered":"HOME"},"content":{"rendered":"","protected":false},"excerpt":{"rendered":"","protected":false},"author":2,"featured_media":0,"parent":0,"menu_order":0,"comment_status":"open","ping_status":"open","template":"","meta":{"footnotes":""},"class_list":["post-3041","page","type-page","status-publish","hentry"],"yoast_head":"<!-- This site is optimized with the Yoast SEO plugin v27.4 - https:\/\/yoast.com\/product\/yoast-seo-wordpress\/ -->\n<title>HOME - \u00d6yk\u00fc Dialogue International<\/title>\n<meta name=\"description\" content=\"\u00c7\u00fcnk\u00fc, hedef kitlenize anlatacak bir \u00f6yk\u00fcn\u00fcz yoksa \u00fcr\u00fcn ya da hizmetinizi tan\u0131tamaz, satamazs\u0131n\u0131z.\" \/>\n<meta name=\"robots\" content=\"index, follow, max-snippet:-1, max-image-preview:large, max-video-preview:-1\" \/>\n<link rel=\"canonical\" href=\"https:\/\/oyku.com.tr\/en\/\" \/>\n<meta property=\"og:locale\" content=\"en_US\" \/>\n<meta property=\"og:type\" content=\"article\" \/>\n<meta property=\"og:title\" content=\"HOME - \u00d6yk\u00fc Dialogue International\" \/>\n<meta property=\"og:description\" content=\"\u00c7\u00fcnk\u00fc, hedef kitlenize anlatacak bir \u00f6yk\u00fcn\u00fcz yoksa \u00fcr\u00fcn ya da hizmetinizi tan\u0131tamaz, satamazs\u0131n\u0131z.\" \/>\n<meta property=\"og:url\" content=\"https:\/\/oyku.com.tr\/en\/\" \/>\n<meta property=\"og:site_name\" content=\"\u00d6yk\u00fc Dialogue International\" \/>\n<meta property=\"article:modified_time\" content=\"2018-06-19T12:46:22+00:00\" \/>\n<meta name=\"twitter:card\" content=\"summary_large_image\" \/>\n<script type=\"application\/ld+json\" class=\"yoast-schema-graph\">{\"@context\":\"https:\\\/\\\/schema.org\",\"@graph\":[{\"@type\":\"WebPage\",\"@id\":\"https:\\\/\\\/oyku.com.tr\\\/en\\\/\",\"url\":\"https:\\\/\\\/oyku.com.tr\\\/en\\\/\",\"name\":\"HOME - \u00d6yk\u00fc Dialogue International\",\"isPartOf\":{\"@id\":\"https:\\\/\\\/oyku.com.tr\\\/#website\"},\"datePublished\":\"2015-03-02T07:45:10+00:00\",\"dateModified\":\"2018-06-19T12:46:22+00:00\",\"description\":\"\u00c7\u00fcnk\u00fc, hedef kitlenize anlatacak bir \u00f6yk\u00fcn\u00fcz yoksa \u00fcr\u00fcn ya da hizmetinizi tan\u0131tamaz, satamazs\u0131n\u0131z.\",\"breadcrumb\":{\"@id\":\"https:\\\/\\\/oyku.com.tr\\\/en\\\/#breadcrumb\"},\"inLanguage\":\"en-US\",\"potentialAction\":[{\"@type\":\"ReadAction\",\"target\":[\"https:\\\/\\\/oyku.com.tr\\\/en\\\/\"]}]},{\"@type\":\"BreadcrumbList\",\"@id\":\"https:\\\/\\\/oyku.com.tr\\\/en\\\/#breadcrumb\",\"itemListElement\":[{\"@type\":\"ListItem\",\"position\":1,\"name\":\"Ana sayfa\",\"item\":\"https:\\\/\\\/oyku.com.tr\\\/en\\\/\"},{\"@type\":\"ListItem\",\"position\":2,\"name\":\"HOME\"}]},{\"@type\":\"WebSite\",\"@id\":\"https:\\\/\\\/oyku.com.tr\\\/#website\",\"url\":\"https:\\\/\\\/oyku.com.tr\\\/\",\"name\":\"\u00d6yk\u00fc Dialogue International\",\"description\":\"\",\"potentialAction\":[{\"@type\":\"SearchAction\",\"target\":{\"@type\":\"EntryPoint\",\"urlTemplate\":\"https:\\\/\\\/oyku.com.tr\\\/?s={search_term_string}\"},\"query-input\":{\"@type\":\"PropertyValueSpecification\",\"valueRequired\":true,\"valueName\":\"search_term_string\"}}],\"inLanguage\":\"en-US\"}]}<\/script>\n<!-- \/ Yoast SEO plugin. -->","yoast_head_json":{"title":"HOME - \u00d6yk\u00fc Dialogue International","description":"\u00c7\u00fcnk\u00fc, hedef kitlenize anlatacak bir \u00f6yk\u00fcn\u00fcz yoksa \u00fcr\u00fcn ya da hizmetinizi tan\u0131tamaz, satamazs\u0131n\u0131z.","robots":{"index":"index","follow":"follow","max-snippet":"max-snippet:-1","max-image-preview":"max-image-preview:large","max-video-preview":"max-video-preview:-1"},"canonical":"https:\/\/oyku.com.tr\/en\/","og_locale":"en_US","og_type":"article","og_title":"HOME - \u00d6yk\u00fc Dialogue International","og_description":"\u00c7\u00fcnk\u00fc, hedef kitlenize anlatacak bir \u00f6yk\u00fcn\u00fcz yoksa \u00fcr\u00fcn ya da hizmetinizi tan\u0131tamaz, satamazs\u0131n\u0131z.","og_url":"https:\/\/oyku.com.tr\/en\/","og_site_name":"\u00d6yk\u00fc Dialogue International","article_modified_time":"2018-06-19T12:46:22+00:00","twitter_card":"summary_large_image","schema":{"@context":"https:\/\/schema.org","@graph":[{"@type":"WebPage","@id":"https:\/\/oyku.com.tr\/en\/","url":"https:\/\/oyku.com.tr\/en\/","name":"HOME - \u00d6yk\u00fc Dialogue International","isPartOf":{"@id":"https:\/\/oyku.com.tr\/#website"},"datePublished":"2015-03-02T07:45:10+00:00","dateModified":"2018-06-19T12:46:22+00:00","description":"\u00c7\u00fcnk\u00fc, hedef kitlenize anlatacak bir \u00f6yk\u00fcn\u00fcz yoksa \u00fcr\u00fcn ya da hizmetinizi tan\u0131tamaz, satamazs\u0131n\u0131z.","breadcrumb":{"@id":"https:\/\/oyku.com.tr\/en\/#breadcrumb"},"inLanguage":"en-US","potentialAction":[{"@type":"ReadAction","target":["https:\/\/oyku.com.tr\/en\/"]}]},{"@type":"BreadcrumbList","@id":"https:\/\/oyku.com.tr\/en\/#breadcrumb","itemListElement":[{"@type":"ListItem","position":1,"name":"Ana sayfa","item":"https:\/\/oyku.com.tr\/en\/"},{"@type":"ListItem","position":2,"name":"HOME"}]},{"@type":"WebSite","@id":"https:\/\/oyku.com.tr\/#website","url":"https:\/\/oyku.com.tr\/","name":"\u00d6yk\u00fc Dialogue International","description":"","potentialAction":[{"@type":"SearchAction","target":{"@type":"EntryPoint","urlTemplate":"https:\/\/oyku.com.tr\/?s={search_term_string}"},"query-input":{"@type":"PropertyValueSpecification","valueRequired":true,"valueName":"search_term_string"}}],"inLanguage":"en-US"}]}},"_links":{"self":[{"href":"https:\/\/oyku.com.tr\/en\/wp-json\/wp\/v2\/pages\/3041","targetHints":{"allow":["GET"]}}],"collection":[{"href":"https:\/\/oyku.com.tr\/en\/wp-json\/wp\/v2\/pages"}],"about":[{"href":"https:\/\/oyku.com.tr\/en\/wp-json\/wp\/v2\/types\/page"}],"author":[{"embeddable":true,"href":"https:\/\/oyku.com.tr\/en\/wp-json\/wp\/v2\/users\/2"}],"replies":[{"embeddable":true,"href":"https:\/\/oyku.com.tr\/en\/wp-json\/wp\/v2\/comments?post=3041"}],"version-history":[{"count":3,"href":"https:\/\/oyku.com.tr\/en\/wp-json\/wp\/v2\/pages\/3041\/revisions"}],"predecessor-version":[{"id":3114,"href":"https:\/\/oyku.com.tr\/en\/wp-json\/wp\/v2\/pages\/3041\/revisions\/3114"}],"wp:attachment":[{"href":"https:\/\/oyku.com.tr\/en\/wp-json\/wp\/v2\/media?parent=3041"}],"curies":[{"name":"wp","href":"https:\/\/api.w.org\/{rel}","templated":true}]}}